{"id":1827,"date":"2022-10-15T16:21:37","date_gmt":"2022-10-15T14:21:37","guid":{"rendered":"https:\/\/www.omnicaf.net\/shop\/"},"modified":"2023-10-25T10:08:49","modified_gmt":"2023-10-25T08:08:49","slug":"shop","status":"publish","type":"page","link":"https:\/\/www.omnicaf.it\/en\/shop\/","title":{"rendered":"Shop"},"content":{"rendered":"<p>[et_pb_section fb_built=&#8221;1&#8243; admin_label=&#8221;Header&#8221; _builder_version=&#8221;4.22.1&#8243; use_background_color_gradient=&#8221;on&#8221; background_color_gradient_stops=&#8221;rgba(0,0,0,0.3) 0%|rgba(0,0,0,0.3) 100%&#8221; background_color_gradient_overlays_image=&#8221;on&#8221; background_color_gradient_start=&#8221;rgba(0,0,0,0.3)&#8221; background_color_gradient_end=&#8221;rgba(0,0,0,0.3)&#8221; background_image=&#8221;https:\/\/www.omnicaf.it\/wp-content\/uploads\/2022\/11\/mano-title.jpg&#8221; custom_padding=&#8221;||||false|false&#8221; hover_enabled=&#8221;0&#8243; locked=&#8221;off&#8221; global_colors_info=&#8221;{}&#8221; title_text=&#8221;mano-title&#8221; sticky_enabled=&#8221;0&#8243;][et_pb_row _builder_version=&#8221;4.16&#8243; global_colors_info=&#8221;{}&#8221;][et_pb_column type=&#8221;4_4&#8243; _builder_version=&#8221;4.16&#8243; global_colors_info=&#8221;{}&#8221;][et_pb_text _builder_version=&#8221;4.18.0&#8243; text_font=&#8221;||||||||&#8221; text_font_size=&#8221;22px&#8221; text_line_height=&#8221;1.4em&#8221; header_font=&#8221;||||||||&#8221; header_font_size=&#8221;70px&#8221; text_orientation=&#8221;center&#8221; background_layout=&#8221;dark&#8221; max_width=&#8221;700px&#8221; module_alignment=&#8221;center&#8221; text_font_size_tablet=&#8221;18px&#8221; text_font_size_phone=&#8221;16px&#8221; text_font_size_last_edited=&#8221;on|tablet&#8221; text_line_height_tablet=&#8221;&#8221; text_line_height_phone=&#8221;1.8em&#8221; text_line_height_last_edited=&#8221;on|phone&#8221; header_font_size_tablet=&#8221;48px&#8221; header_font_size_phone=&#8221;30px&#8221; header_font_size_last_edited=&#8221;on|phone&#8221; global_colors_info=&#8221;{}&#8221;]<\/p>\n<h1>Listini<\/h1>\n<p>Ricerca e conoscenza, ecco come creiamo la miscela perfetta<\/p>\n<p>[\/et_pb_text][\/et_pb_column][\/et_pb_row][\/et_pb_section][et_pb_section fb_built=&#8221;1&#8243; _builder_version=&#8221;4.18.0&#8243; _module_preset=&#8221;default&#8221; global_colors_info=&#8221;{}&#8221;][et_pb_row column_structure=&#8221;3_5,2_5&#8243; _builder_version=&#8221;4.18.0&#8243; _module_preset=&#8221;default&#8221; global_colors_info=&#8221;{}&#8221;][et_pb_column type=&#8221;3_5&#8243; _builder_version=&#8221;4.18.0&#8243; _module_preset=&#8221;default&#8221; global_colors_info=&#8221;{}&#8221;][et_pb_text _builder_version=&#8221;4.18.0&#8243; text_font=&#8221;Sora|700|||||||&#8221; text_text_color=&#8221;#2c1e21&#8243; text_font_size=&#8221;40px&#8221; text_line_height=&#8221;1.2em&#8221; text_font_size_tablet=&#8221;36px&#8221; text_font_size_phone=&#8221;22px&#8221; text_font_size_last_edited=&#8221;on|phone&#8221; text_line_height_tablet=&#8221;&#8221; text_line_height_phone=&#8221;1.4em&#8221; text_line_height_last_edited=&#8221;on|phone&#8221; global_colors_info=&#8221;{}&#8221;]<\/p>\n<p>Il mercato del caff\u00e8<\/p>\n<p>[\/et_pb_text][et_pb_divider divider_weight=&#8221;3px&#8221; _builder_version=&#8221;4.18.0&#8243; _module_preset=&#8221;default&#8221; width=&#8221;5%&#8221; module_alignment=&#8221;left&#8221; locked=&#8221;off&#8221; global_colors_info=&#8221;{}&#8221;][\/et_pb_divider][et_pb_text _builder_version=&#8221;4.18.0&#8243; _module_preset=&#8221;default&#8221; global_colors_info=&#8221;{}&#8221;]<\/p>\n<p>Il caff\u00e8 \u00e8 un bene prezioso, in tutto il mondo: dalla sua produzione e commercio dipendono circa 100 milioni di persone in tutti i continenti. Ecco perch\u00e9, ancora oggi, il mercato del caff\u00e8 \u00e8 in continuo fermento. Il prezzo del caff\u00e8 si basa essenzialmente sui raccolti a loro volta influenzati da clima, condizioni delle piante e situazione sociopolitica dei Paesi di origine. I punti di riferimento sono due: la Borsa di New York per le quotazioni delle partite di Arabica, quella di Londra per la Robusta. Una volta acquistate le partite d\u2019interesse, si apre l\u2019importante capitolo della logistica con la prenotazione dei noli e lo stoccaggio in magazzini adatti a conservare tutte le qualit\u00e0 organolettiche di questa preziosa materia prima. Il nostro lavoro combina questi diversi aspetti con l\u2019obiettivo di offrire le migliori partite reperibili sul mercato.\u00a0<\/p>\n<p>[\/et_pb_text][\/et_pb_column][et_pb_column type=&#8221;2_5&#8243; _builder_version=&#8221;4.18.0&#8243; _module_preset=&#8221;default&#8221; global_colors_info=&#8221;{}&#8221;][et_pb_image src=&#8221;https:\/\/www.omnicaf.net\/wp-content\/uploads\/2018\/07\/ESP-n\u00b0-13.jpg&#8221; title_text=&#8221;ESP n\u00b0 13&#8243; _builder_version=&#8221;4.18.0&#8243; _module_preset=&#8221;default&#8221; global_colors_info=&#8221;{}&#8221;][\/et_pb_image][\/et_pb_column][\/et_pb_row][\/et_pb_section][et_pb_section fb_built=&#8221;1&#8243; _builder_version=&#8221;4.18.0&#8243; _module_preset=&#8221;default&#8221; background_color=&#8221;#f8f2e1&#8243; global_colors_info=&#8221;{}&#8221;][et_pb_row _builder_version=&#8221;4.18.0&#8243; _module_preset=&#8221;default&#8221; global_colors_info=&#8221;{}&#8221;][et_pb_column type=&#8221;4_4&#8243; _builder_version=&#8221;4.18.0&#8243; _module_preset=&#8221;default&#8221; global_colors_info=&#8221;{}&#8221;][et_pb_text _builder_version=&#8221;4.18.0&#8243; text_font=&#8221;Sora|700|||||||&#8221; text_text_color=&#8221;#2c1e21&#8243; text_font_size=&#8221;40px&#8221; text_line_height=&#8221;1.2em&#8221; custom_padding=&#8221;||20px||false|false&#8221; text_font_size_tablet=&#8221;36px&#8221; text_font_size_phone=&#8221;22px&#8221; text_font_size_last_edited=&#8221;on|phone&#8221; text_line_height_tablet=&#8221;&#8221; text_line_height_phone=&#8221;1.4em&#8221; text_line_height_last_edited=&#8221;on|phone&#8221; global_colors_info=&#8221;{}&#8221;]<\/p>\n<p>I nostri caff\u00e8 selezionati<\/p>\n<p>[\/et_pb_text][et_pb_search placeholder=&#8221;Cerca una tipologia di caff\u00e8&#8221; _builder_version=&#8221;4.18.0&#8243; _module_preset=&#8221;default&#8221; form_field_background_color=&#8221;#FFFFFF&#8221; global_colors_info=&#8221;{}&#8221;][\/et_pb_search][et_pb_text _builder_version=&#8221;4.18.0&#8243; _module_preset=&#8221;default&#8221; header_3_font=&#8221;|||on|||||&#8221; header_3_font_size=&#8221;23px&#8221; header_4_font=&#8221;|||||on|||&#8221; global_colors_info=&#8221;{}&#8221;]<\/p>\n<h3>Caff\u00e8 arabica<\/h3>\n<p>[\/et_pb_text][et_pb_shop type=&#8221;product_category&#8221; posts_number=&#8221;10&#8243; show_pagination=&#8221;on&#8221; include_categories=&#8221;188&#8243; columns_number=&#8221;5&#8243; show_price=&#8221;off&#8221; _builder_version=&#8221;4.18.0&#8243; _module_preset=&#8221;default&#8221; global_colors_info=&#8221;{}&#8221;][\/et_pb_shop][et_pb_text _builder_version=&#8221;4.18.0&#8243; _module_preset=&#8221;default&#8221; header_3_font=&#8221;|||on|||||&#8221; header_3_font_size=&#8221;23px&#8221; header_4_font=&#8221;|||||on|||&#8221; global_colors_info=&#8221;{}&#8221;]<\/p>\n<h3>Caff\u00e8 robusta<\/h3>\n<p>[\/et_pb_text][et_pb_shop type=&#8221;product_category&#8221; posts_number=&#8221;10&#8243; show_pagination=&#8221;on&#8221; include_categories=&#8221;217&#8243; columns_number=&#8221;5&#8243; show_price=&#8221;off&#8221; _builder_version=&#8221;4.18.0&#8243; _module_preset=&#8221;default&#8221; global_colors_info=&#8221;{}&#8221;][\/et_pb_shop][\/et_pb_column][\/et_pb_row][\/et_pb_section]<\/p>\n","protected":false},"excerpt":{"rendered":"<p>Listini Ricerca e conoscenza, ecco come creiamo la miscela perfettaIl mercato del caff\u00e8Il caff\u00e8 \u00e8 un bene prezioso, in tutto il mondo: dalla sua produzione e commercio dipendono circa 100 milioni di persone in tutti i continenti. Ecco perch\u00e9, ancora oggi, il mercato del caff\u00e8 \u00e8 in continuo fermento. Il prezzo del caff\u00e8 si basa [&hellip;]<\/p>\n","protected":false},"author":2,"featured_media":0,"parent":0,"menu_order":0,"comment_status":"closed","ping_status":"closed","template":"","meta":{"_et_pb_use_builder":"on","_et_pb_old_content":"","_et_gb_content_width":"","footnotes":""},"acf":[],"yoast_head":"<!-- This site is optimized with the Yoast SEO plugin v23.5 - https:\/\/yoast.com\/wordpress\/plugins\/seo\/ -->\n<title>Shop | Omnicaf<\/title>\n<meta name=\"robots\" content=\"noindex, follow, max-snippet:-1, max-image-preview:large, max-video-preview:-1\" \/>\n<meta property=\"og:locale\" content=\"en_US\" \/>\n<meta property=\"og:type\" content=\"article\" \/>\n<meta property=\"og:title\" content=\"Shop | Omnicaf\" \/>\n<meta property=\"og:description\" content=\"Listini Ricerca e conoscenza, ecco come creiamo la miscela perfettaIl mercato del caff\u00e8Il caff\u00e8 \u00e8 un bene prezioso, in tutto il mondo: dalla sua produzione e commercio dipendono circa 100 milioni di persone in tutti i continenti. Ecco perch\u00e9, ancora oggi, il mercato del caff\u00e8 \u00e8 in continuo fermento. Il prezzo del caff\u00e8 si basa [&hellip;]\" \/>\n<meta property=\"og:url\" content=\"https:\/\/www.omnicaf.it\/en\/shop\/\" \/>\n<meta property=\"og:site_name\" content=\"Omnicaf\" \/>\n<meta property=\"article:modified_time\" content=\"2023-10-25T08:08:49+00:00\" \/>\n<meta name=\"twitter:card\" content=\"summary_large_image\" \/>\n<meta name=\"twitter:label1\" content=\"Est. reading time\" \/>\n\t<meta name=\"twitter:data1\" content=\"4 minutes\" \/>\n<script type=\"application\/ld+json\" class=\"yoast-schema-graph\">{\"@context\":\"https:\/\/schema.org\",\"@graph\":[{\"@type\":\"WebPage\",\"@id\":\"https:\/\/www.omnicaf.it\/en\/shop\/\",\"url\":\"https:\/\/www.omnicaf.it\/en\/shop\/\",\"name\":\"Shop | Omnicaf\",\"isPartOf\":{\"@id\":\"https:\/\/www.omnicaf.it\/en\/#website\"},\"datePublished\":\"2022-10-15T14:21:37+00:00\",\"dateModified\":\"2023-10-25T08:08:49+00:00\",\"breadcrumb\":{\"@id\":\"https:\/\/www.omnicaf.it\/en\/shop\/#breadcrumb\"},\"inLanguage\":\"en-US\",\"potentialAction\":[{\"@type\":\"ReadAction\",\"target\":[\"https:\/\/www.omnicaf.it\/en\/shop\/\"]}]},{\"@type\":\"BreadcrumbList\",\"@id\":\"https:\/\/www.omnicaf.it\/en\/shop\/#breadcrumb\",\"itemListElement\":[{\"@type\":\"ListItem\",\"position\":1,\"name\":\"Home\",\"item\":\"https:\/\/www.omnicaf.it\/en\/\"},{\"@type\":\"ListItem\",\"position\":2,\"name\":\"Shop\"}]},{\"@type\":\"WebSite\",\"@id\":\"https:\/\/www.omnicaf.it\/en\/#website\",\"url\":\"https:\/\/www.omnicaf.it\/en\/\",\"name\":\"Omnicaf\",\"description\":\"Green coffee importer: Trading, sorting and transporting raw coffee\",\"publisher\":{\"@id\":\"https:\/\/www.omnicaf.it\/en\/#organization\"},\"alternateName\":\"Green coffee specialists Trading, sorting and transporting raw coffee: our mission is the roaster\u2019s satisfaction in creating their own magic\",\"potentialAction\":[{\"@type\":\"SearchAction\",\"target\":{\"@type\":\"EntryPoint\",\"urlTemplate\":\"https:\/\/www.omnicaf.it\/en\/?s={search_term_string}\"},\"query-input\":{\"@type\":\"PropertyValueSpecification\",\"valueRequired\":true,\"valueName\":\"search_term_string\"}}],\"inLanguage\":\"en-US\"},{\"@type\":\"Organization\",\"@id\":\"https:\/\/www.omnicaf.it\/en\/#organization\",\"name\":\"Omnicaf\",\"url\":\"https:\/\/www.omnicaf.it\/en\/\",\"logo\":{\"@type\":\"ImageObject\",\"inLanguage\":\"en-US\",\"@id\":\"https:\/\/www.omnicaf.it\/en\/#\/schema\/logo\/image\/\",\"url\":\"https:\/\/www.omnicaf.it\/wp-content\/uploads\/2018\/12\/Omnicaf_logo_Main.png\",\"contentUrl\":\"https:\/\/www.omnicaf.it\/wp-content\/uploads\/2018\/12\/Omnicaf_logo_Main.png\",\"width\":1980,\"height\":876,\"caption\":\"Omnicaf\"},\"image\":{\"@id\":\"https:\/\/www.omnicaf.it\/en\/#\/schema\/logo\/image\/\"}}]}<\/script>\n<!-- \/ Yoast SEO plugin. -->","yoast_head_json":{"title":"Shop | Omnicaf","robots":{"index":"noindex","follow":"follow","max-snippet":"max-snippet:-1","max-image-preview":"max-image-preview:large","max-video-preview":"max-video-preview:-1"},"og_locale":"en_US","og_type":"article","og_title":"Shop | Omnicaf","og_description":"Listini Ricerca e conoscenza, ecco come creiamo la miscela perfettaIl mercato del caff\u00e8Il caff\u00e8 \u00e8 un bene prezioso, in tutto il mondo: dalla sua produzione e commercio dipendono circa 100 milioni di persone in tutti i continenti. Ecco perch\u00e9, ancora oggi, il mercato del caff\u00e8 \u00e8 in continuo fermento. Il prezzo del caff\u00e8 si basa [&hellip;]","og_url":"https:\/\/www.omnicaf.it\/en\/shop\/","og_site_name":"Omnicaf","article_modified_time":"2023-10-25T08:08:49+00:00","twitter_card":"summary_large_image","twitter_misc":{"Est. reading time":"4 minutes"},"schema":{"@context":"https:\/\/schema.org","@graph":[{"@type":"WebPage","@id":"https:\/\/www.omnicaf.it\/en\/shop\/","url":"https:\/\/www.omnicaf.it\/en\/shop\/","name":"Shop | Omnicaf","isPartOf":{"@id":"https:\/\/www.omnicaf.it\/en\/#website"},"datePublished":"2022-10-15T14:21:37+00:00","dateModified":"2023-10-25T08:08:49+00:00","breadcrumb":{"@id":"https:\/\/www.omnicaf.it\/en\/shop\/#breadcrumb"},"inLanguage":"en-US","potentialAction":[{"@type":"ReadAction","target":["https:\/\/www.omnicaf.it\/en\/shop\/"]}]},{"@type":"BreadcrumbList","@id":"https:\/\/www.omnicaf.it\/en\/shop\/#breadcrumb","itemListElement":[{"@type":"ListItem","position":1,"name":"Home","item":"https:\/\/www.omnicaf.it\/en\/"},{"@type":"ListItem","position":2,"name":"Shop"}]},{"@type":"WebSite","@id":"https:\/\/www.omnicaf.it\/en\/#website","url":"https:\/\/www.omnicaf.it\/en\/","name":"Omnicaf","description":"Green coffee importer: Trading, sorting and transporting raw coffee","publisher":{"@id":"https:\/\/www.omnicaf.it\/en\/#organization"},"alternateName":"Green coffee specialists Trading, sorting and transporting raw coffee: our mission is the roaster\u2019s satisfaction in creating their own magic","potentialAction":[{"@type":"SearchAction","target":{"@type":"EntryPoint","urlTemplate":"https:\/\/www.omnicaf.it\/en\/?s={search_term_string}"},"query-input":{"@type":"PropertyValueSpecification","valueRequired":true,"valueName":"search_term_string"}}],"inLanguage":"en-US"},{"@type":"Organization","@id":"https:\/\/www.omnicaf.it\/en\/#organization","name":"Omnicaf","url":"https:\/\/www.omnicaf.it\/en\/","logo":{"@type":"ImageObject","inLanguage":"en-US","@id":"https:\/\/www.omnicaf.it\/en\/#\/schema\/logo\/image\/","url":"https:\/\/www.omnicaf.it\/wp-content\/uploads\/2018\/12\/Omnicaf_logo_Main.png","contentUrl":"https:\/\/www.omnicaf.it\/wp-content\/uploads\/2018\/12\/Omnicaf_logo_Main.png","width":1980,"height":876,"caption":"Omnicaf"},"image":{"@id":"https:\/\/www.omnicaf.it\/en\/#\/schema\/logo\/image\/"}}]}},"jetpack_sharing_enabled":true,"_links":{"self":[{"href":"https:\/\/www.omnicaf.it\/en\/wp-json\/wp\/v2\/pages\/1827"}],"collection":[{"href":"https:\/\/www.omnicaf.it\/en\/wp-json\/wp\/v2\/pages"}],"about":[{"href":"https:\/\/www.omnicaf.it\/en\/wp-json\/wp\/v2\/types\/page"}],"author":[{"embeddable":true,"href":"https:\/\/www.omnicaf.it\/en\/wp-json\/wp\/v2\/users\/2"}],"replies":[{"embeddable":true,"href":"https:\/\/www.omnicaf.it\/en\/wp-json\/wp\/v2\/comments?post=1827"}],"version-history":[{"count":2,"href":"https:\/\/www.omnicaf.it\/en\/wp-json\/wp\/v2\/pages\/1827\/revisions"}],"predecessor-version":[{"id":2757,"href":"https:\/\/www.omnicaf.it\/en\/wp-json\/wp\/v2\/pages\/1827\/revisions\/2757"}],"wp:attachment":[{"href":"https:\/\/www.omnicaf.it\/en\/wp-json\/wp\/v2\/media?parent=1827"}],"curies":[{"name":"wp","href":"https:\/\/api.w.org\/{rel}","templated":true}]}}